{"id":4175,"date":"2024-12-10T21:51:59","date_gmt":"2024-12-10T20:51:59","guid":{"rendered":"http:\/\/mymenys.com\/product\/camiseta-meny-crimson-whisper-blanca\/"},"modified":"2025-02-19T19:26:03","modified_gmt":"2025-02-19T18:26:03","slug":"camiseta-meny-crimson-whisper-blanca","status":"publish","type":"product","link":"http:\/\/mymenys.com\/es\/productos\/camiseta-meny-crimson-whisper-blanca\/","title":{"rendered":"Camiseta \u00abMeny Crimson Whisper\u00bb &#8211; blanca"},"content":{"rendered":"\t\t<div data-elementor-type=\"product-post\" data-elementor-id=\"4175\" class=\"elementor elementor-4175 elementor-1183\" data-elementor-post-type=\"product\">\n\t\t\t\t<div class=\"elementor-element elementor-element-50d4b962 e-flex e-con-boxed e-con e-parent\" data-id=\"50d4b962\" data-element_type=\"container\" data-e-type=\"container\">\n\t\t\t\t\t<div class=\"e-con-inner\">\n\t\t\t\t<div class=\"elementor-element elementor-element-3aa5e864 elementor-widget elementor-widget-text-editor\" data-id=\"3aa5e864\" data-element_type=\"widget\" data-e-type=\"widget\" data-widget_type=\"text-editor.default\">\n\t\t\t\t<div class=\"elementor-widget-container\">\n\t\t\t\t\t\t\t\t\t<p class=\"p1\">Esta camiseta de nuestra colecci\u00f3n es una pieza con car\u00e1cter, capaz de hablar sin palabras. El halo de besos rojos simboliza deseos no expresados, pasi\u00f3n y misterio, invit\u00e1ndote a abrazar el poder de la expresi\u00f3n silenciosa. Deja que tu silencio hable por ti con la camiseta Susurro Carmes\u00ed.<\/p>\n<p class=\"p1\">Nuestra modelo mide <strong>170cm<\/strong> y lleva camiseta talla <strong>XS<\/strong>.<\/p>\n\t\t\t\t\t\t\t\t<\/div>\n\t\t\t\t<\/div>\n\t\t\t\t\t<\/div>\n\t\t\t\t<\/div>\n\t\t\t\t<\/div>\n\t\t\n    <div class=\"xs_social_share_widget xs_share_url after_content \t\tmain_content  wslu-style-1 wslu-share-box-shaped wslu-fill-colored wslu-none wslu-share-horizontal wslu-theme-font-no wslu-main_content\">\n\n\t\t\n        <ul>\n\t\t\t        <\/ul>\n    <\/div> \n","protected":false},"excerpt":{"rendered":"<blockquote>\n<p class=\"p1\">\u201cCada susurro del coraz\u00f3n deja una huella. Esta obra refleja el delicado equilibrio entre el silencio y la expresi\u00f3n: un solo beso puede hablar de amor, de rebeld\u00eda o de una promesa no dicha. La Meny permanece erguida, protegida pero desafiante, enmarcada por un halo que desaf\u00eda el tiempo. Esta pieza es para aquellos que guardan historias no contadas, deseos no confesados y, aun as\u00ed, dejan una huella imborrable all\u00e1 donde van.\u201d<\/p>\n<p class=\"p1\">\u2014 A.T.<\/p>\n<\/blockquote>\n","protected":false},"featured_media":5130,"template":"","meta":{"site-sidebar-layout":"default","site-content-layout":"","ast-site-content-layout":"default","site-content-style":"default","site-sidebar-style":"default","ast-global-header-display":"","ast-banner-title-visibility":"","ast-main-header-display":"","ast-hfb-above-header-display":"","ast-hfb-below-header-display":"","ast-hfb-mobile-header-display":"","site-post-title":"","ast-breadcrumbs-content":"","ast-featured-img":"","footer-sml-layout":"","ast-disable-related-posts":"","theme-transparent-header-meta":"default","adv-header-id-meta":"","stick-header-meta":"default","header-above-stick-meta":"","header-main-stick-meta":"","header-below-stick-meta":"","astra-migrate-meta-layouts":"set","ast-page-background-enabled":"default","ast-page-background-meta":{"desktop":{"background-color":"var(--ast-global-color-4)","background-image":"","background-repeat":"repeat","background-position":"center center","background-size":"auto","background-attachment":"scroll","background-type":"","background-media":"","overlay-type":"","overlay-color":"","overlay-opacity":"","overlay-gradient":""},"tablet":{"background-color":"","background-image":"","background-repeat":"repeat","background-position":"center center","background-size":"auto","background-attachment":"scroll","background-type":"","background-media":"","overlay-type":"","overlay-color":"","overlay-opacity":"","overlay-gradient":""},"mobile":{"background-color":"","background-image":"","background-repeat":"repeat","background-position":"center center","background-size":"auto","background-attachment":"scroll","background-type":"","background-media":"","overlay-type":"","overlay-color":"","overlay-opacity":"","overlay-gradient":""}},"ast-content-background-meta":{"desktop":{"background-color":"var(--ast-global-color-5)","background-image":"","background-repeat":"repeat","background-position":"center center","background-size":"auto","background-attachment":"scroll","background-type":"","background-media":"","overlay-type":"","overlay-color":"","overlay-opacity":"","overlay-gradient":""},"tablet":{"background-color":"var(--ast-global-color-5)","background-image":"","background-repeat":"repeat","background-position":"center center","background-size":"auto","background-attachment":"scroll","background-type":"","background-media":"","overlay-type":"","overlay-color":"","overlay-opacity":"","overlay-gradient":""},"mobile":{"background-color":"var(--ast-global-color-5)","background-image":"","background-repeat":"repeat","background-position":"center center","background-size":"auto","background-attachment":"scroll","background-type":"","background-media":"","overlay-type":"","overlay-color":"","overlay-opacity":"","overlay-gradient":""}}},"product_brand":[],"product_cat":[137,148,136],"product_tag":[142,138,140,141,139,146,147,143,145,144],"class_list":{"0":"post-4175","1":"product","2":"type-product","3":"status-publish","4":"has-post-thumbnail","6":"product_cat-camisetas","7":"product_cat-hombres","8":"product_cat-mujeres","9":"product_tag-camiseta-es","10":"product_tag-camiseta","11":"product_tag-camiseta-de-diseno","12":"product_tag-camiseta-estampada","13":"product_tag-camiseta-personalizada","14":"product_tag-camisetas","15":"product_tag-camisetas-de-diseno","16":"product_tag-hombres","17":"product_tag-idea-regalo","18":"product_tag-mujeres","19":"desktop-align-center","20":"tablet-align-left","21":"mobile-align-left","23":"first","24":"instock","25":"shipping-taxable","26":"purchasable","27":"product-type-variable"},"supplier_id":null,"supplier_sku":"","barcode":null,"atum_controlled":true,"out_stock_date":null,"out_stock_threshold":null,"inheritable":true,"inbound_stock":0,"stock_on_hold":0,"sold_today":0,"sales_last_days":0,"reserved_stock":0,"customer_returns":0,"warehouse_damage":0,"lost_in_post":0,"other_logs":0,"out_stock_days":0,"lost_sales":0,"has_location":true,"update_date":"2026-04-29T06:07:07","atum_locations":[{"id":99,"name":"Eesti ladu","slug":"eesti-ladu"}],"atum_stock_status":"instock","restock_status":false,"low_stock_amount":1,"sales_update_date":"2026-04-29T06:07:07","calc_backorders":0,"yoast_head":"<!-- This site is optimized with the Yoast SEO plugin v27.0 - https:\/\/yoast.com\/product\/yoast-seo-wordpress\/ -->\n<title>Camiseta &quot;Meny Crimson Whisper&quot; - blanca - MYMENYS<\/title>\n<meta name=\"robots\" content=\"index, follow, max-snippet:-1, max-image-preview:large, max-video-preview:-1\" \/>\n<link rel=\"canonical\" href=\"http:\/\/mymenys.com\/es\/productos\/camiseta-meny-crimson-whisper-blanca\/\" \/>\n<meta property=\"og:locale\" content=\"es_ES\" \/>\n<meta property=\"og:type\" content=\"article\" \/>\n<meta property=\"og:title\" content=\"Camiseta &quot;Meny Crimson Whisper&quot; - blanca - MYMENYS\" \/>\n<meta property=\"og:description\" content=\"\u201cCada susurro del coraz\u00f3n deja una huella. Esta obra refleja el delicado equilibrio entre el silencio y la expresi\u00f3n: un solo beso puede hablar de amor, de rebeld\u00eda o de una promesa no dicha. La Meny permanece erguida, protegida pero desafiante, enmarcada por un halo que desaf\u00eda el tiempo. Esta pieza es para aquellos que guardan historias no contadas, deseos no confesados y, aun as\u00ed, dejan una huella imborrable all\u00e1 donde van.\u201d \u2014 A.T.\" \/>\n<meta property=\"og:url\" content=\"http:\/\/mymenys.com\/es\/productos\/camiseta-meny-crimson-whisper-blanca\/\" \/>\n<meta property=\"og:site_name\" content=\"MYMENYS\" \/>\n<meta property=\"article:publisher\" content=\"https:\/\/www.facebook.com\/mymenys\" \/>\n<meta property=\"article:modified_time\" content=\"2025-02-19T18:26:03+00:00\" \/>\n<meta property=\"og:image\" content=\"http:\/\/mymenys.com\/wp-content\/uploads\/2025\/01\/DSC_0168-Enhanced-NR-1-e1739731001825.jpg\" \/>\n\t<meta property=\"og:image:width\" content=\"1215\" \/>\n\t<meta property=\"og:image:height\" content=\"1820\" \/>\n\t<meta property=\"og:image:type\" content=\"image\/jpeg\" \/>\n<meta name=\"twitter:card\" content=\"summary_large_image\" \/>\n<script type=\"application\/ld+json\" class=\"yoast-schema-graph\">{\"@context\":\"https:\/\/schema.org\",\"@graph\":[{\"@type\":\"WebPage\",\"@id\":\"http:\/\/mymenys.com\/es\/productos\/camiseta-meny-crimson-whisper-blanca\/\",\"url\":\"http:\/\/mymenys.com\/es\/productos\/camiseta-meny-crimson-whisper-blanca\/\",\"name\":\"Camiseta \\\"Meny Crimson Whisper\\\" - blanca - MYMENYS\",\"isPartOf\":{\"@id\":\"http:\/\/mymenys.com\/#website\"},\"primaryImageOfPage\":{\"@id\":\"http:\/\/mymenys.com\/es\/productos\/camiseta-meny-crimson-whisper-blanca\/#primaryimage\"},\"image\":{\"@id\":\"http:\/\/mymenys.com\/es\/productos\/camiseta-meny-crimson-whisper-blanca\/#primaryimage\"},\"thumbnailUrl\":\"http:\/\/mymenys.com\/wp-content\/uploads\/2025\/01\/DSC_0168-Enhanced-NR-1-e1739731001825.jpg\",\"datePublished\":\"2024-12-10T20:51:59+00:00\",\"dateModified\":\"2025-02-19T18:26:03+00:00\",\"breadcrumb\":{\"@id\":\"http:\/\/mymenys.com\/es\/productos\/camiseta-meny-crimson-whisper-blanca\/#breadcrumb\"},\"inLanguage\":\"es\",\"potentialAction\":[{\"@type\":\"ReadAction\",\"target\":[\"http:\/\/mymenys.com\/es\/productos\/camiseta-meny-crimson-whisper-blanca\/\"]}]},{\"@type\":\"ImageObject\",\"inLanguage\":\"es\",\"@id\":\"http:\/\/mymenys.com\/es\/productos\/camiseta-meny-crimson-whisper-blanca\/#primaryimage\",\"url\":\"http:\/\/mymenys.com\/wp-content\/uploads\/2025\/01\/DSC_0168-Enhanced-NR-1-e1739731001825.jpg\",\"contentUrl\":\"http:\/\/mymenys.com\/wp-content\/uploads\/2025\/01\/DSC_0168-Enhanced-NR-1-e1739731001825.jpg\",\"width\":1215,\"height\":1820,\"caption\":\"Meny Whisper Susurro\"},{\"@type\":\"BreadcrumbList\",\"@id\":\"http:\/\/mymenys.com\/es\/productos\/camiseta-meny-crimson-whisper-blanca\/#breadcrumb\",\"itemListElement\":[{\"@type\":\"ListItem\",\"position\":1,\"name\":\"Home\",\"item\":\"https:\/\/mymenys.com\/es\/\"},{\"@type\":\"ListItem\",\"position\":2,\"name\":\"Tienda\",\"item\":\"http:\/\/mymenys.com\/es\/tienda\/\"},{\"@type\":\"ListItem\",\"position\":3,\"name\":\"Camiseta \u00abMeny Crimson Whisper\u00bb &#8211; blanca\"}]},{\"@type\":\"WebSite\",\"@id\":\"http:\/\/mymenys.com\/#website\",\"url\":\"http:\/\/mymenys.com\/\",\"name\":\"MYMENYS by A.T.\",\"description\":\"luce ARTE y cuenta una HISTORIA\",\"publisher\":{\"@id\":\"http:\/\/mymenys.com\/#organization\"},\"potentialAction\":[{\"@type\":\"SearchAction\",\"target\":{\"@type\":\"EntryPoint\",\"urlTemplate\":\"http:\/\/mymenys.com\/?s={search_term_string}\"},\"query-input\":{\"@type\":\"PropertyValueSpecification\",\"valueRequired\":true,\"valueName\":\"search_term_string\"}}],\"inLanguage\":\"es\"},{\"@type\":\"Organization\",\"@id\":\"http:\/\/mymenys.com\/#organization\",\"name\":\"MYMENYS by A.T.\",\"url\":\"http:\/\/mymenys.com\/\",\"logo\":{\"@type\":\"ImageObject\",\"inLanguage\":\"es\",\"@id\":\"http:\/\/mymenys.com\/#\/schema\/logo\/image\/\",\"url\":\"http:\/\/mymenys.com\/wp-content\/uploads\/2025\/01\/cropped-mymenys_logo_taustata.png\",\"contentUrl\":\"http:\/\/mymenys.com\/wp-content\/uploads\/2025\/01\/cropped-mymenys_logo_taustata.png\",\"width\":1000,\"height\":1000,\"caption\":\"MYMENYS by A.T.\"},\"image\":{\"@id\":\"http:\/\/mymenys.com\/#\/schema\/logo\/image\/\"},\"sameAs\":[\"https:\/\/www.facebook.com\/mymenys\",\"https:\/\/www.instagram.com\/mymenys\/\"]}]}<\/script>\n<!-- \/ Yoast SEO plugin. -->","yoast_head_json":{"title":"Camiseta \"Meny Crimson Whisper\" - blanca - MYMENYS","robots":{"index":"index","follow":"follow","max-snippet":"max-snippet:-1","max-image-preview":"max-image-preview:large","max-video-preview":"max-video-preview:-1"},"canonical":"http:\/\/mymenys.com\/es\/productos\/camiseta-meny-crimson-whisper-blanca\/","og_locale":"es_ES","og_type":"article","og_title":"Camiseta \"Meny Crimson Whisper\" - blanca - MYMENYS","og_description":"\u201cCada susurro del coraz\u00f3n deja una huella. Esta obra refleja el delicado equilibrio entre el silencio y la expresi\u00f3n: un solo beso puede hablar de amor, de rebeld\u00eda o de una promesa no dicha. La Meny permanece erguida, protegida pero desafiante, enmarcada por un halo que desaf\u00eda el tiempo. Esta pieza es para aquellos que guardan historias no contadas, deseos no confesados y, aun as\u00ed, dejan una huella imborrable all\u00e1 donde van.\u201d \u2014 A.T.","og_url":"http:\/\/mymenys.com\/es\/productos\/camiseta-meny-crimson-whisper-blanca\/","og_site_name":"MYMENYS","article_publisher":"https:\/\/www.facebook.com\/mymenys","article_modified_time":"2025-02-19T18:26:03+00:00","og_image":[{"width":1215,"height":1820,"url":"http:\/\/mymenys.com\/wp-content\/uploads\/2025\/01\/DSC_0168-Enhanced-NR-1-e1739731001825.jpg","type":"image\/jpeg"}],"twitter_card":"summary_large_image","schema":{"@context":"https:\/\/schema.org","@graph":[{"@type":"WebPage","@id":"http:\/\/mymenys.com\/es\/productos\/camiseta-meny-crimson-whisper-blanca\/","url":"http:\/\/mymenys.com\/es\/productos\/camiseta-meny-crimson-whisper-blanca\/","name":"Camiseta \"Meny Crimson Whisper\" - blanca - MYMENYS","isPartOf":{"@id":"http:\/\/mymenys.com\/#website"},"primaryImageOfPage":{"@id":"http:\/\/mymenys.com\/es\/productos\/camiseta-meny-crimson-whisper-blanca\/#primaryimage"},"image":{"@id":"http:\/\/mymenys.com\/es\/productos\/camiseta-meny-crimson-whisper-blanca\/#primaryimage"},"thumbnailUrl":"http:\/\/mymenys.com\/wp-content\/uploads\/2025\/01\/DSC_0168-Enhanced-NR-1-e1739731001825.jpg","datePublished":"2024-12-10T20:51:59+00:00","dateModified":"2025-02-19T18:26:03+00:00","breadcrumb":{"@id":"http:\/\/mymenys.com\/es\/productos\/camiseta-meny-crimson-whisper-blanca\/#breadcrumb"},"inLanguage":"es","potentialAction":[{"@type":"ReadAction","target":["http:\/\/mymenys.com\/es\/productos\/camiseta-meny-crimson-whisper-blanca\/"]}]},{"@type":"ImageObject","inLanguage":"es","@id":"http:\/\/mymenys.com\/es\/productos\/camiseta-meny-crimson-whisper-blanca\/#primaryimage","url":"http:\/\/mymenys.com\/wp-content\/uploads\/2025\/01\/DSC_0168-Enhanced-NR-1-e1739731001825.jpg","contentUrl":"http:\/\/mymenys.com\/wp-content\/uploads\/2025\/01\/DSC_0168-Enhanced-NR-1-e1739731001825.jpg","width":1215,"height":1820,"caption":"Meny Whisper Susurro"},{"@type":"BreadcrumbList","@id":"http:\/\/mymenys.com\/es\/productos\/camiseta-meny-crimson-whisper-blanca\/#breadcrumb","itemListElement":[{"@type":"ListItem","position":1,"name":"Home","item":"https:\/\/mymenys.com\/es\/"},{"@type":"ListItem","position":2,"name":"Tienda","item":"http:\/\/mymenys.com\/es\/tienda\/"},{"@type":"ListItem","position":3,"name":"Camiseta \u00abMeny Crimson Whisper\u00bb &#8211; blanca"}]},{"@type":"WebSite","@id":"http:\/\/mymenys.com\/#website","url":"http:\/\/mymenys.com\/","name":"MYMENYS by A.T.","description":"luce ARTE y cuenta una HISTORIA","publisher":{"@id":"http:\/\/mymenys.com\/#organization"},"potentialAction":[{"@type":"SearchAction","target":{"@type":"EntryPoint","urlTemplate":"http:\/\/mymenys.com\/?s={search_term_string}"},"query-input":{"@type":"PropertyValueSpecification","valueRequired":true,"valueName":"search_term_string"}}],"inLanguage":"es"},{"@type":"Organization","@id":"http:\/\/mymenys.com\/#organization","name":"MYMENYS by A.T.","url":"http:\/\/mymenys.com\/","logo":{"@type":"ImageObject","inLanguage":"es","@id":"http:\/\/mymenys.com\/#\/schema\/logo\/image\/","url":"http:\/\/mymenys.com\/wp-content\/uploads\/2025\/01\/cropped-mymenys_logo_taustata.png","contentUrl":"http:\/\/mymenys.com\/wp-content\/uploads\/2025\/01\/cropped-mymenys_logo_taustata.png","width":1000,"height":1000,"caption":"MYMENYS by A.T."},"image":{"@id":"http:\/\/mymenys.com\/#\/schema\/logo\/image\/"},"sameAs":["https:\/\/www.facebook.com\/mymenys","https:\/\/www.instagram.com\/mymenys\/"]}]}},"_links":{"self":[{"href":"http:\/\/mymenys.com\/es\/wp-json\/wp\/v2\/product\/4175","targetHints":{"allow":["GET"]}}],"collection":[{"href":"http:\/\/mymenys.com\/es\/wp-json\/wp\/v2\/product"}],"about":[{"href":"http:\/\/mymenys.com\/es\/wp-json\/wp\/v2\/types\/product"}],"version-history":[{"count":5,"href":"http:\/\/mymenys.com\/es\/wp-json\/wp\/v2\/product\/4175\/revisions"}],"predecessor-version":[{"id":5135,"href":"http:\/\/mymenys.com\/es\/wp-json\/wp\/v2\/product\/4175\/revisions\/5135"}],"wp:featuredmedia":[{"embeddable":true,"href":"http:\/\/mymenys.com\/es\/wp-json\/wp\/v2\/media\/5130"}],"wp:attachment":[{"href":"http:\/\/mymenys.com\/es\/wp-json\/wp\/v2\/media?parent=4175"}],"wp:term":[{"taxonomy":"product_brand","embeddable":true,"href":"http:\/\/mymenys.com\/es\/wp-json\/wp\/v2\/product_brand?post=4175"},{"taxonomy":"product_cat","embeddable":true,"href":"http:\/\/mymenys.com\/es\/wp-json\/wp\/v2\/product_cat?post=4175"},{"taxonomy":"product_tag","embeddable":true,"href":"http:\/\/mymenys.com\/es\/wp-json\/wp\/v2\/product_tag?post=4175"}],"curies":[{"name":"wp","href":"https:\/\/api.w.org\/{rel}","templated":true}]}}