{"id":2289,"date":"2024-11-17T20:06:53","date_gmt":"2024-11-17T19:06:53","guid":{"rendered":"http:\/\/mymenys.com\/condiciones-de-venta\/"},"modified":"2025-04-22T17:29:50","modified_gmt":"2025-04-22T16:29:50","slug":"condiciones-de-venta__trashed","status":"publish","type":"page","link":"http:\/\/mymenys.com\/es\/condiciones-de-venta__trashed\/","title":{"rendered":"Condiciones de venta"},"content":{"rendered":"\t\t<div data-elementor-type=\"wp-page\" data-elementor-id=\"2289\" class=\"elementor elementor-2289 elementor-9\" data-elementor-post-type=\"page\">\n\t\t\t\t<div class=\"elementor-element elementor-element-7ee2a071 e-flex e-con-boxed e-con e-parent\" data-id=\"7ee2a071\" data-element_type=\"container\" data-e-type=\"container\">\n\t\t\t\t\t<div class=\"e-con-inner\">\n\t\t\t\t<div class=\"elementor-element elementor-element-555ac0b5 elementor-widget elementor-widget-text-editor\" data-id=\"555ac0b5\" data-element_type=\"widget\" data-e-type=\"widget\" data-widget_type=\"text-editor.default\">\n\t\t\t\t<div class=\"elementor-widget-container\">\n\t\t\t\t\t\t\t\t\t<h4>T\u00e9rminos y Condiciones de Venta y Devoluciones<\/h4>\n<h5>1. Disposiciones Generales<\/h5>\n<p>1.1. Estos t\u00e9rminos y condiciones generales se aplican a la relaci\u00f3n legal entre el cliente de mymenys.eu (en adelante, el Comprador) y mymenys.eu (en adelante, el Vendedor o MYMENYS by A.T., una marca comercial de Tres Hermanas O\u00dc, n.\u00ba de registro: 17088559, direcci\u00f3n legal: M\u00f5isavahe 55-28, Tartu, 50708, Estonia) al comprar productos.<\/p>\n<p>1.2. Estos t\u00e9rminos cumplen con las leyes de la Rep\u00fablica de Estonia. En caso de disputas o falta de informaci\u00f3n, las normas legales aplicables complementar\u00e1n estos t\u00e9rminos.<\/p>\n<p>1.3. MYMENYS by A.T. se reserva el derecho de cambiar unilateralmente estos t\u00e9rminos y los precios de los productos para mejorar la eficiencia operativa, la competitividad, el desarrollo futuro y la variedad de productos. Los cambios entrar\u00e1n en vigor en el momento en que se publiquen en el sitio web mymenys.eu. Los pedidos realizados antes de que los cambios entren en vigor se regir\u00e1n por los t\u00e9rminos vigentes en el momento de la compra, salvo que la ley o estos t\u00e9rminos indiquen lo contrario.<\/p>\n<p>1.4. MYMENYS by A.T. y el Comprador acuerdan realizar transacciones a trav\u00e9s del sitio web de MYMENYS by A.T. bajo estos t\u00e9rminos.<\/p>\n<p>1.5. Al realizar un pedido y completar el pago en el sitio web, el Comprador confirma que ha le\u00eddo y aceptado los t\u00e9rminos de venta.<\/p>\n<h5>2. Realizaci\u00f3n de Pedidos<\/h5>\n<p>2.1. El Comprador selecciona los productos deseados de la tienda en l\u00ednea de MYMENYS by A.T. y los a\u00f1ade al carrito de compras, confirmando si el producto est\u00e1 en stock o es hecho por encargo.<\/p>\n<p>2.2. El Comprador confirma el carrito de compras y paga utilizando el m\u00e9todo de pago preferido. Antes de pagar, el Comprador debe verificar que todos los detalles del pedido coincidan con su intenci\u00f3n.<\/p>\n<p>2.3. Despu\u00e9s del pago, el Comprador debe hacer clic en \u201cRegresar al comerciante\u201d para completar el pedido.<\/p>\n<p>2.4. Se enviar\u00e1 un correo electr\u00f3nico de confirmaci\u00f3n a la direcci\u00f3n de correo electr\u00f3nico proporcionada por el Comprador.<\/p>\n<p>2.5. El contrato de venta entre el Vendedor y el Comprador entrar\u00e1 en vigor una vez que el monto total del pago se haya recibido en la cuenta bancaria del Vendedor.<\/p>\n<h5>3. Precios de los Productos<\/h5>\n<p>3.1. Los precios en el sitio web de MYMENYS by A.T. est\u00e1n en euros y no incluyen IVA (Tres Hermanas O\u00dc no est\u00e1 registrada para el IVA).<\/p>\n<p>3.2. MYMENYS by A.T. puede cambiar los precios sin previo aviso. Los pedidos realizados antes de un cambio de precio mantendr\u00e1n el precio vigente en el momento del pedido.<\/p>\n<p>3.3. Los m\u00e9todos y tarifas de entrega se detallan en la secci\u00f3n \u201cEntrega\u201d.<\/p>\n<p>3.4. Salvo que se indique lo contrario, los descuentos promocionales o c\u00f3digos no se aplican a productos ya rebajados.<\/p>\n<p>3.5. Los c\u00f3digos de descuento deben ingresarse durante el proceso de compra y no se pueden combinar con otros descuentos.<\/p>\n<p>3.6. MYMENYS by A.T. puede cancelar un pedido en caso de un error t\u00e9cnico que lleve a un precio incorrecto.<\/p>\n<h5>4. Compras<\/h5>\n<p>4.1. Solo los art\u00edculos con el bot\u00f3n \u201cA\u00f1adir al carrito\u201d est\u00e1n disponibles para la compra en l\u00ednea.<\/p>\n<p>4.2. Los precios y la disponibilidad de los productos pueden cambiar sin previo aviso. Los pedidos realizados antes de dichos cambios seguir\u00e1n las condiciones vigentes en el momento de la compra.<\/p>\n<p>4.3. Si la realizaci\u00f3n del pedido es imposible, el Comprador ser\u00e1 contactado y el pago ser\u00e1 reembolsado.<\/p>\n<p>4.4. El Comprador puede modificar el carrito antes de confirmar el pedido. Despu\u00e9s de la confirmaci\u00f3n, los cambios ya no son posibles.<\/p>\n<h5>5. Pagos<\/h5>\n<p>5.1. El pago se puede realizar a trav\u00e9s de enlaces de banca en l\u00ednea de bancos espec\u00edficos o mediante tarjetas de cr\u00e9dito.<\/p>\n<p>5.2. Tres Hermanas O\u00dc es el controlador de datos y solo transfiere los datos personales necesarios al procesador autorizado, Maksekeskus AS, para el procesamiento del pago.<\/p>\n<p>5.3. Despu\u00e9s del pago, el Comprador debe hacer clic en \u00abRegresar al comerciante\u00bb para finalizar la compra. Aparecer\u00e1 una confirmaci\u00f3n en la pantalla y se enviar\u00e1 por correo electr\u00f3nico.<\/p>\n<p>5.4. Los pedidos se procesan en d\u00edas h\u00e1biles de 8:00 a 18:00.<\/p>\n<h5>6. Entrega<\/h5>\n<p>6.1. Varias opciones de entrega est\u00e1n disponibles dependiendo del pa\u00eds de env\u00edo:<\/p>\n<p>6.1.1. Pedidos enviados a Estonia &#8211; terminales de paqueter\u00eda Omniva.<\/p>\n<p>6.1.2. Pedidos enviados fuera de Estonia &#8211; mensajer\u00eda Omniva.<\/p>\n<p>6.2. Los productos hechos por encargo se entregan en un plazo de 4 semanas. Los pedidos personalizados dependen de su complejidad.<\/p>\n<p>6.3. Los art\u00edculos en stock se env\u00edan en un plazo de 2 d\u00edas h\u00e1biles, salvo que se indique lo contrario.<\/p>\n<p>6.4. Los plazos de entrega dependen del m\u00e9todo de entrega elegido y pueden\u00a0 extenderse durante campa\u00f1as o pedidos anticipados.<\/p>\n<p>6.5. MYMENYS by A.T. no es responsable de retrasos en la entrega o cambios de precio por parte de los servicios de mensajer\u00eda.<\/p>\n<h5>7. Devoluciones<\/h5>\n<p>7.1. Los compradores pueden devolver productos dentro de los 14 d\u00edas posteriores a la entrega para obtener un reembolso, siempre que el paquete sea enviado dentro de este per\u00edodo.<\/p>\n<p>7.2. Las devoluciones deben presentarse a trav\u00e9s del formulario de devoluci\u00f3n en el sitio web de MYMENYS by A.T. Las devoluciones no registradas no ser\u00e1n aceptadas.<\/p>\n<p>7.3. El paquete de devoluci\u00f3n debe incluir el n\u00famero de pedido o factura.<\/p>\n<p>7.4. Los productos personalizados no pueden devolverse.<\/p>\n<p>7.5. El costo del env\u00edo original solo ser\u00e1 reembolsado si se devuelve el pedido completo.<\/p>\n<p>7.6. Los costos de env\u00edo de devoluci\u00f3n corren por cuenta del Comprador, salvo que el producto sea defectuoso o incorrecto.<\/p>\n<p>7.7. Los art\u00edculos devueltos deben estar sin usar. Los productos usados no ser\u00e1n aceptados.<\/p>\n<p>7.8. Los productos deben estar empaquetados de manera segura para su devoluci\u00f3n. Si el da\u00f1o se debe a un embalaje deficiente, se podr\u00e1 exigir una compensaci\u00f3n.<\/p>\n<p>7.9. Si el producto es incorrecto o defectuoso, el Comprador debe contactar a MYMENYS by A.T. en info@mymenys.com.<\/p>\n<p>7.10. El Vendedor es responsable del producto hasta la entrega. El riesgo se transfiere al Comprador al recibirlo.<\/p>\n<p>7.11. Los reembolsos se procesan dentro de los 14 d\u00edas posteriores a la recepci\u00f3n y revisi\u00f3n del art\u00edculo devuelto.<\/p>\n<h5>8. Procesamiento de Datos Personales<\/h5>\n<p>8.1. MYMENYS by A.T. utiliza los datos del Comprador exclusivamente para cumplir con el pedido y no comparte datos personales con terceros, salvo para fines de entrega.<\/p>\n<p>8.2. Los datos de pago son transferidos a Maksekeskus AS, el procesador de pagos autorizado.<\/p>\n<p>8.3. MYMENYS by A.T. no tiene acceso a la informaci\u00f3n bancaria del Comprador.<\/p>\n<p>8.4. El Comprador tiene derecho a solicitar la eliminaci\u00f3n o correcci\u00f3n de sus datos personales enviando una solicitud a info@mymenys.com.<\/p>\n<p>8.5. Los datos personales del Comprador se almacenan de acuerdo con la legislaci\u00f3n de protecci\u00f3n de datos de Estonia y la normativa de la Uni\u00f3n Europea.<\/p>\n<h5>9. Garant\u00eda y Reclamaciones<\/h5>\n<p>9.1. MYMENYS by A.T. es responsable de los defectos del producto dentro de los 2 a\u00f1os posteriores a la entrega. Si el defecto aparece dentro de los primeros 6 meses, se presume que exist\u00eda en el momento de la compra, salvo prueba en contrario.<\/p>\n<p>9.2. Para presentar una reclamaci\u00f3n, el Comprador debe enviar un correo electr\u00f3nico a info@mymenys.eu con los detalles del pedido, descripci\u00f3n del defecto y prueba de compra.<\/p>\n<p>9.3. MYMENYS by A.T. no se hace responsable de los da\u00f1os causados por informaci\u00f3n incorrecta proporcionada por el Comprador.<\/p>\n<p>9.4. El Vendedor no es responsable de los da\u00f1os derivados del uso inadecuado del producto o almacenamiento incorrecto.<\/p>\n<p>9.5. Las disputas se resolver\u00e1n mediante negociaci\u00f3n. Si no se alcanza un acuerdo, el Comprador puede dirigirse a la Junta de Protecci\u00f3n al Consumidor o al Tribunal del Condado de Tartu.<\/p>\n<h5>10. Productos Defectuosos<\/h5>\n<p>10.1. El Comprador tiene derecho a solicitar la reparaci\u00f3n o el reemplazo gratuito del producto defectuoso.<\/p>\n<p>10.2. El Comprador puede optar por la cancelaci\u00f3n del contrato y el reembolso si:<br \/>\n\u2022 La reparaci\u00f3n o el reemplazo no son posibles.<br \/>\n\u2022 La reparaci\u00f3n no resuelve el defecto.<br \/>\n\u2022 El defecto no se corrige dentro de un plazo razonable.<br \/>\n\u2022 La reparaci\u00f3n o el reemplazo causan molestias significativas al Comprador.<\/p>\n<p>10.3. El Vendedor no es responsable de defectos en los siguientes casos:<br \/>\n\u2022 El defecto fue causado por el uso indebido o el mantenimiento inadecuado.<br \/>\n\u2022 El defecto se origin\u00f3 por causas fuera del control del Vendedor.<\/p>\n<p>10.4. Las reclamaciones deben enviarse a info@mymenys.com con una descripci\u00f3n detallada del defecto y prueba de compra.<\/p>\n<p>10.5. La devoluci\u00f3n de productos defectuosos debe realizarse siguiendo las instrucciones de MYMENYS by A.T. para garantizar un correcto procesamiento.<\/p>\n<h5>11. Otras Condiciones<\/h5>\n<p>11.1. Las disputas se resolver\u00e1n mediante negociaci\u00f3n. Si no se alcanza un acuerdo, las partes pueden acudir a la Junta de Protecci\u00f3n al Consumidor o a los tribunales competentes.<\/p>\n<p>\ud83d\udce7 Informaci\u00f3n Adicional: info@mymenys.com<\/p>\n\t\t\t\t\t\t\t\t<\/div>\n\t\t\t\t<\/div>\n\t\t\t\t\t<\/div>\n\t\t\t\t<\/div>\n\t\t\t\t<\/div>\n\t\t\n    <div class=\"xs_social_share_widget xs_share_url after_content \t\tmain_content  wslu-style-1 wslu-share-box-shaped wslu-fill-colored wslu-none wslu-share-horizontal wslu-theme-font-no wslu-main_content\">\n\n\t\t\n        <ul>\n\t\t\t        <\/ul>\n    <\/div> \n","protected":false},"excerpt":{"rendered":"<p>T\u00e9rminos y Condiciones de Venta y Devoluciones 1. Disposiciones Generales 1.1. Estos t\u00e9rminos y condiciones generales se aplican a la [&hellip;]<\/p>\n","protected":false},"author":1,"featured_media":0,"parent":0,"menu_order":0,"comment_status":"closed","ping_status":"closed","template":"","meta":{"site-sidebar-layout":"default","site-content-layout":"","ast-site-content-layout":"default","site-content-style":"default","site-sidebar-style":"default","ast-global-header-display":"","ast-banner-title-visibility":"","ast-main-header-display":"","ast-hfb-above-header-display":"","ast-hfb-below-header-display":"","ast-hfb-mobile-header-display":"","site-post-title":"","ast-breadcrumbs-content":"","ast-featured-img":"","footer-sml-layout":"","ast-disable-related-posts":"","theme-transparent-header-meta":"","adv-header-id-meta":"","stick-header-meta":"","header-above-stick-meta":"","header-main-stick-meta":"","header-below-stick-meta":"","astra-migrate-meta-layouts":"default","ast-page-background-enabled":"default","ast-page-background-meta":{"desktop":{"background-color":"var(--ast-global-color-4)","background-image":"","background-repeat":"repeat","background-position":"center center","background-size":"auto","background-attachment":"scroll","background-type":"","background-media":"","overlay-type":"","overlay-color":"","overlay-opacity":"","overlay-gradient":""},"tablet":{"background-color":"","background-image":"","background-repeat":"repeat","background-position":"center center","background-size":"auto","background-attachment":"scroll","background-type":"","background-media":"","overlay-type":"","overlay-color":"","overlay-opacity":"","overlay-gradient":""},"mobile":{"background-color":"","background-image":"","background-repeat":"repeat","background-position":"center center","background-size":"auto","background-attachment":"scroll","background-type":"","background-media":"","overlay-type":"","overlay-color":"","overlay-opacity":"","overlay-gradient":""}},"ast-content-background-meta":{"desktop":{"background-color":"var(--ast-global-color-5)","background-image":"","background-repeat":"repeat","background-position":"center center","background-size":"auto","background-attachment":"scroll","background-type":"","background-media":"","overlay-type":"","overlay-color":"","overlay-opacity":"","overlay-gradient":""},"tablet":{"background-color":"var(--ast-global-color-5)","background-image":"","background-repeat":"repeat","background-position":"center center","background-size":"auto","background-attachment":"scroll","background-type":"","background-media":"","overlay-type":"","overlay-color":"","overlay-opacity":"","overlay-gradient":""},"mobile":{"background-color":"var(--ast-global-color-5)","background-image":"","background-repeat":"repeat","background-position":"center center","background-size":"auto","background-attachment":"scroll","background-type":"","background-media":"","overlay-type":"","overlay-color":"","overlay-opacity":"","overlay-gradient":""}},"footnotes":""},"class_list":["post-2289","page","type-page","status-publish","hentry"],"yoast_head":"<!-- This site is optimized with the Yoast SEO plugin v27.0 - https:\/\/yoast.com\/product\/yoast-seo-wordpress\/ -->\n<title>Condiciones de venta - MYMENYS<\/title>\n<meta name=\"robots\" content=\"index, follow, max-snippet:-1, max-image-preview:large, max-video-preview:-1\" \/>\n<link rel=\"canonical\" href=\"http:\/\/mymenys.com\/es\/condiciones-de-venta__trashed\/\" \/>\n<meta property=\"og:locale\" content=\"es_ES\" \/>\n<meta property=\"og:type\" content=\"article\" \/>\n<meta property=\"og:title\" content=\"Condiciones de venta - MYMENYS\" \/>\n<meta property=\"og:description\" content=\"T\u00e9rminos y Condiciones de Venta y Devoluciones 1. Disposiciones Generales 1.1. Estos t\u00e9rminos y condiciones generales se aplican a la [&hellip;]\" \/>\n<meta property=\"og:url\" content=\"http:\/\/mymenys.com\/es\/condiciones-de-venta__trashed\/\" \/>\n<meta property=\"og:site_name\" content=\"MYMENYS\" \/>\n<meta property=\"article:publisher\" content=\"https:\/\/www.facebook.com\/mymenys\" \/>\n<meta property=\"article:modified_time\" content=\"2025-04-22T16:29:50+00:00\" \/>\n<meta name=\"twitter:card\" content=\"summary_large_image\" \/>\n<meta name=\"twitter:label1\" content=\"Tiempo de lectura\" \/>\n\t<meta name=\"twitter:data1\" content=\"7 minutos\" \/>\n<script type=\"application\/ld+json\" class=\"yoast-schema-graph\">{\"@context\":\"https:\/\/schema.org\",\"@graph\":[{\"@type\":\"WebPage\",\"@id\":\"http:\/\/mymenys.com\/es\/condiciones-de-venta__trashed\/\",\"url\":\"http:\/\/mymenys.com\/es\/condiciones-de-venta__trashed\/\",\"name\":\"Condiciones de venta - MYMENYS\",\"isPartOf\":{\"@id\":\"http:\/\/mymenys.com\/es\/#website\"},\"datePublished\":\"2024-11-17T19:06:53+00:00\",\"dateModified\":\"2025-04-22T16:29:50+00:00\",\"breadcrumb\":{\"@id\":\"http:\/\/mymenys.com\/es\/condiciones-de-venta__trashed\/#breadcrumb\"},\"inLanguage\":\"es\",\"potentialAction\":[{\"@type\":\"ReadAction\",\"target\":[\"http:\/\/mymenys.com\/es\/condiciones-de-venta__trashed\/\"]}]},{\"@type\":\"BreadcrumbList\",\"@id\":\"http:\/\/mymenys.com\/es\/condiciones-de-venta__trashed\/#breadcrumb\",\"itemListElement\":[{\"@type\":\"ListItem\",\"position\":1,\"name\":\"Home\",\"item\":\"http:\/\/mymenys.com\/es\/\"},{\"@type\":\"ListItem\",\"position\":2,\"name\":\"Condiciones de venta\"}]},{\"@type\":\"WebSite\",\"@id\":\"http:\/\/mymenys.com\/es\/#website\",\"url\":\"http:\/\/mymenys.com\/es\/\",\"name\":\"MYMENYS by A.T.\",\"description\":\"luce ARTE y cuenta una HISTORIA\",\"publisher\":{\"@id\":\"http:\/\/mymenys.com\/es\/#organization\"},\"potentialAction\":[{\"@type\":\"SearchAction\",\"target\":{\"@type\":\"EntryPoint\",\"urlTemplate\":\"http:\/\/mymenys.com\/es\/?s={search_term_string}\"},\"query-input\":{\"@type\":\"PropertyValueSpecification\",\"valueRequired\":true,\"valueName\":\"search_term_string\"}}],\"inLanguage\":\"es\"},{\"@type\":\"Organization\",\"@id\":\"http:\/\/mymenys.com\/es\/#organization\",\"name\":\"MYMENYS by A.T.\",\"url\":\"http:\/\/mymenys.com\/es\/\",\"logo\":{\"@type\":\"ImageObject\",\"inLanguage\":\"es\",\"@id\":\"http:\/\/mymenys.com\/es\/#\/schema\/logo\/image\/\",\"url\":\"http:\/\/mymenys.com\/wp-content\/uploads\/2025\/01\/cropped-mymenys_logo_taustata.png\",\"contentUrl\":\"http:\/\/mymenys.com\/wp-content\/uploads\/2025\/01\/cropped-mymenys_logo_taustata.png\",\"width\":1000,\"height\":1000,\"caption\":\"MYMENYS by A.T.\"},\"image\":{\"@id\":\"http:\/\/mymenys.com\/es\/#\/schema\/logo\/image\/\"},\"sameAs\":[\"https:\/\/www.facebook.com\/mymenys\",\"https:\/\/www.instagram.com\/mymenys\/\"]}]}<\/script>\n<!-- \/ Yoast SEO plugin. -->","yoast_head_json":{"title":"Condiciones de venta - MYMENYS","robots":{"index":"index","follow":"follow","max-snippet":"max-snippet:-1","max-image-preview":"max-image-preview:large","max-video-preview":"max-video-preview:-1"},"canonical":"http:\/\/mymenys.com\/es\/condiciones-de-venta__trashed\/","og_locale":"es_ES","og_type":"article","og_title":"Condiciones de venta - MYMENYS","og_description":"T\u00e9rminos y Condiciones de Venta y Devoluciones 1. Disposiciones Generales 1.1. Estos t\u00e9rminos y condiciones generales se aplican a la [&hellip;]","og_url":"http:\/\/mymenys.com\/es\/condiciones-de-venta__trashed\/","og_site_name":"MYMENYS","article_publisher":"https:\/\/www.facebook.com\/mymenys","article_modified_time":"2025-04-22T16:29:50+00:00","twitter_card":"summary_large_image","twitter_misc":{"Tiempo de lectura":"7 minutos"},"schema":{"@context":"https:\/\/schema.org","@graph":[{"@type":"WebPage","@id":"http:\/\/mymenys.com\/es\/condiciones-de-venta__trashed\/","url":"http:\/\/mymenys.com\/es\/condiciones-de-venta__trashed\/","name":"Condiciones de venta - MYMENYS","isPartOf":{"@id":"http:\/\/mymenys.com\/es\/#website"},"datePublished":"2024-11-17T19:06:53+00:00","dateModified":"2025-04-22T16:29:50+00:00","breadcrumb":{"@id":"http:\/\/mymenys.com\/es\/condiciones-de-venta__trashed\/#breadcrumb"},"inLanguage":"es","potentialAction":[{"@type":"ReadAction","target":["http:\/\/mymenys.com\/es\/condiciones-de-venta__trashed\/"]}]},{"@type":"BreadcrumbList","@id":"http:\/\/mymenys.com\/es\/condiciones-de-venta__trashed\/#breadcrumb","itemListElement":[{"@type":"ListItem","position":1,"name":"Home","item":"http:\/\/mymenys.com\/es\/"},{"@type":"ListItem","position":2,"name":"Condiciones de venta"}]},{"@type":"WebSite","@id":"http:\/\/mymenys.com\/es\/#website","url":"http:\/\/mymenys.com\/es\/","name":"MYMENYS by A.T.","description":"luce ARTE y cuenta una HISTORIA","publisher":{"@id":"http:\/\/mymenys.com\/es\/#organization"},"potentialAction":[{"@type":"SearchAction","target":{"@type":"EntryPoint","urlTemplate":"http:\/\/mymenys.com\/es\/?s={search_term_string}"},"query-input":{"@type":"PropertyValueSpecification","valueRequired":true,"valueName":"search_term_string"}}],"inLanguage":"es"},{"@type":"Organization","@id":"http:\/\/mymenys.com\/es\/#organization","name":"MYMENYS by A.T.","url":"http:\/\/mymenys.com\/es\/","logo":{"@type":"ImageObject","inLanguage":"es","@id":"http:\/\/mymenys.com\/es\/#\/schema\/logo\/image\/","url":"http:\/\/mymenys.com\/wp-content\/uploads\/2025\/01\/cropped-mymenys_logo_taustata.png","contentUrl":"http:\/\/mymenys.com\/wp-content\/uploads\/2025\/01\/cropped-mymenys_logo_taustata.png","width":1000,"height":1000,"caption":"MYMENYS by A.T."},"image":{"@id":"http:\/\/mymenys.com\/es\/#\/schema\/logo\/image\/"},"sameAs":["https:\/\/www.facebook.com\/mymenys","https:\/\/www.instagram.com\/mymenys\/"]}]}},"_links":{"self":[{"href":"http:\/\/mymenys.com\/es\/wp-json\/wp\/v2\/pages\/2289","targetHints":{"allow":["GET"]}}],"collection":[{"href":"http:\/\/mymenys.com\/es\/wp-json\/wp\/v2\/pages"}],"about":[{"href":"http:\/\/mymenys.com\/es\/wp-json\/wp\/v2\/types\/page"}],"author":[{"embeddable":true,"href":"http:\/\/mymenys.com\/es\/wp-json\/wp\/v2\/users\/1"}],"replies":[{"embeddable":true,"href":"http:\/\/mymenys.com\/es\/wp-json\/wp\/v2\/comments?post=2289"}],"version-history":[{"count":5,"href":"http:\/\/mymenys.com\/es\/wp-json\/wp\/v2\/pages\/2289\/revisions"}],"predecessor-version":[{"id":5437,"href":"http:\/\/mymenys.com\/es\/wp-json\/wp\/v2\/pages\/2289\/revisions\/5437"}],"wp:attachment":[{"href":"http:\/\/mymenys.com\/es\/wp-json\/wp\/v2\/media?parent=2289"}],"curies":[{"name":"wp","href":"https:\/\/api.w.org\/{rel}","templated":true}]}}